{"id":21520,"date":"2017-08-25T23:24:51","date_gmt":"2017-08-25T21:24:51","guid":{"rendered":"https:\/\/guineediversite.com\/?page_id=21520"},"modified":"2018-03-09T12:37:21","modified_gmt":"2018-03-09T11:37:21","slug":"besoin-dun-site-internet","status":"publish","type":"page","link":"https:\/\/guineediversite.com\/index.php\/besoin-dun-site-internet\/","title":{"rendered":"Besoin d&rsquo;un site Internet ?"},"content":{"rendered":"<p><a href=\"http:\/\/www.facebook.com\/savanahcommunication\"><img loading=\"lazy\" decoding=\"async\" class=\"alignnone size-full wp-image-23547\" src=\"\/\/guineegoal.com\/wp-content\/uploads\/2017\/08\/Savanah-2_256-2.gif\" alt=\"\" width=\"728\" height=\"90\" \/><\/a><\/p>\n<p>L&rsquo;\u00e9quipe de <strong>Savanah Communication<\/strong>, qui a con\u00e7u le nouveau site de Guin\u00e9e Diversit\u00e9, peut <strong>cr\u00e9er votre site Internet en seulement 48 heures<\/strong> ou <strong>moderniser un site existant en seulement quelques jours.<\/strong><\/p>\n<h3>La conception se fait en trois \u00e9tapes :<\/h3>\n<ol>\n<li><strong>Nous d\u00e9finissons ensemble vos besoins<\/strong>, pour r\u00e9pondre au mieux \u00e0 votre demande.<\/li>\n<li><strong>Nous r\u00e9alisons le projet \u00e9tape par \u00e9tape<\/strong>, selon le cahier des charges et le budget \u00e9tabli au pr\u00e9alable.<\/li>\n<li><strong>Nous vous livrons le site<\/strong> en temps et en heure.<\/li>\n<\/ol>\n<p><a href=\"https:\/\/terre-dechanges.org\/\">Terre d&rsquo;Echanges<\/a>,\u00a0<a href=\"https:\/\/www.alloafricanews.com\">AlloAfricaNews<\/a>, <a href=\"https:\/\/guineegoal.com\">Guin\u00e9eGoal<\/a>, <a href=\"https:\/\/divinely-high-level.com\">Divinely High Level<\/a>, <a href=\"https:\/\/guineediversite.com.bwjx4292.odns.fr\">Guin\u00e9e Diversit\u00e9<\/a> et <a href=\"https:\/\/guineeshopping.fr\/\">Guin\u00e9e Shopping<\/a> figurent parmi les cr\u00e9ations de <a href=\"https:\/\/savanah-communication.com\/\">Savanah Communication<\/a>.<\/p>\n<h4>Choisir Savanah Communication, c&rsquo;est la garantie d&rsquo;avoir :<\/h4>\n<ul>\n<li>Une identit\u00e9 visuelle <strong>moderne<\/strong> et <strong>innovante<\/strong><\/li>\n<li>Une parfaite int\u00e9gration des\u00a0<strong>r\u00e9seaux sociaux<\/strong>\u00a0pour une\u00a0<strong>meilleure audience<\/strong><\/li>\n<li>Un site <strong>responsive<\/strong> et <strong>mobile friendly<\/strong><\/li>\n<li>Un rendu<strong> fonctionnel<\/strong> et <strong>optimal<\/strong><\/li>\n<li>Des outils de <strong>derni\u00e8re g\u00e9n\u00e9ration<\/strong><\/li>\n<li>Un r\u00e9f\u00e9rencement SEO <strong>optimis\u00e9<\/strong><\/li>\n<li>Des <strong>prestations sur mesure<\/strong> et un accompagnement tout au long du projet.<\/li>\n<\/ul>\n<p>Simple question ou projet concret, n&rsquo;h\u00e9sitez pas \u00e0 nous contacter (nous r\u00e9pondons sous 24 heures) :<\/p>\n\n<div class=\"wpcf7 no-js\" id=\"wpcf7-f21522-o1\" lang=\"fr-FR\" dir=\"ltr\" data-wpcf7-id=\"21522\">\n<div class=\"screen-reader-response\"><p role=\"status\" aria-live=\"polite\" aria-atomic=\"true\"><\/p> <ul><\/ul><\/div>\n<form action=\"\/index.php\/wp-json\/wp\/v2\/pages\/21520#wpcf7-f21522-o1\" method=\"post\" class=\"wpcf7-form init\" aria-label=\"Formulaire de contact\" novalidate=\"novalidate\" data-status=\"init\">\n<div style=\"display: none;\">\n<input type=\"hidden\" name=\"_wpcf7\" value=\"21522\" \/>\n<input type=\"hidden\" name=\"_wpcf7_version\" value=\"6.0.3\" \/>\n<input type=\"hidden\" name=\"_wpcf7_locale\" value=\"fr_FR\" \/>\n<input type=\"hidden\" name=\"_wpcf7_unit_tag\" value=\"wpcf7-f21522-o1\" \/>\n<input type=\"hidden\" name=\"_wpcf7_container_post\" value=\"0\" \/>\n<input type=\"hidden\" name=\"_wpcf7_posted_data_hash\" value=\"\" \/>\n<\/div>\n<p><label> Votre nom<br \/>\n<span class=\"wpcf7-form-control-wrap\" data-name=\"your-name\"><input size=\"40\" maxlength=\"400\" class=\"wpcf7-form-control wpcf7-text wpcf7-validates-as-required\" aria-required=\"true\" aria-invalid=\"false\" value=\"\" type=\"text\" name=\"your-name\" \/><\/span> <\/label>\n<\/p>\n<p><label> Votre e-mail<br \/>\n<span class=\"wpcf7-form-control-wrap\" data-name=\"your-email\"><input size=\"40\" maxlength=\"400\" class=\"wpcf7-form-control wpcf7-email wpcf7-validates-as-required wpcf7-text wpcf7-validates-as-email\" aria-required=\"true\" aria-invalid=\"false\" value=\"\" type=\"email\" name=\"your-email\" \/><\/span> <\/label>\n<\/p>\n<p><label> Votre message<br \/>\n<span class=\"wpcf7-form-control-wrap\" data-name=\"your-message\"><textarea cols=\"40\" rows=\"10\" maxlength=\"2000\" class=\"wpcf7-form-control wpcf7-textarea\" aria-invalid=\"false\" name=\"your-message\"><\/textarea><\/span> <\/label>\n<\/p>\n<p><input class=\"wpcf7-form-control wpcf7-submit has-spinner\" type=\"submit\" value=\"Envoyer\" \/>\n<\/p><p style=\"display: none !important;\" class=\"akismet-fields-container\" data-prefix=\"_wpcf7_ak_\"><label>&#916;<textarea name=\"_wpcf7_ak_hp_textarea\" cols=\"45\" rows=\"8\" maxlength=\"100\"><\/textarea><\/label><input type=\"hidden\" id=\"ak_js_1\" name=\"_wpcf7_ak_js\" value=\"142\"\/><script>document.getElementById( \"ak_js_1\" ).setAttribute( \"value\", ( new Date() ).getTime() );<\/script><\/p><div class=\"wpcf7-response-output\" aria-hidden=\"true\"><\/div>\n<\/form>\n<\/div>\n\n<p><img loading=\"lazy\" decoding=\"async\" class=\"alignnone size-full wp-image-23542\" src=\"\/\/guineegoal.com\/wp-content\/uploads\/2017\/08\/Logo.png\" alt=\"\" width=\"141\" height=\"150\" \/><\/p>\n<pre>Contactez-nous par mail : <a href=\"mailto:contact@savanah-communication.com\">contact@savanah-communication.com<\/a>\r\nRetrouvez-nous sur <a href=\"http:\/\/www.savanah-communication.com\">www.savanah-communication.com<\/a>\r\nSuivez-nous sur Facebook : <a href=\"http:\/\/www.facebook.com\/savanahcommunication\">www.facebook.com\/savanahcommunication<\/a><\/pre>\n<p>&nbsp;<\/p>\n","protected":false},"excerpt":{"rendered":"<p>L&rsquo;\u00e9quipe de Savanah Communication, qui a con\u00e7u le nouveau site de Guin\u00e9e Diversit\u00e9, peut cr\u00e9er votre site Internet en seulement 48 heures ou moderniser un site existant en seulement quelques jours. La conception se fait en trois \u00e9tapes : Nous d\u00e9finissons ensemble vos besoins, pour r\u00e9pondre au mieux \u00e0 votre demande. Nous r\u00e9alisons le projet [&hellip;]<\/p>\n","protected":false},"author":12,"featured_media":0,"parent":0,"menu_order":0,"comment_status":"closed","ping_status":"closed","template":"","meta":{"_exactmetrics_skip_tracking":false,"_exactmetrics_sitenote_active":false,"_exactmetrics_sitenote_note":"","_exactmetrics_sitenote_category":0,"tdm_status":"","tdm_grid_status":"","footnotes":""},"class_list":["post-21520","page","type-page","status-publish"],"yoast_head":"<!-- This site is optimized with the Yoast SEO plugin v24.2 - https:\/\/yoast.com\/wordpress\/plugins\/seo\/ -->\n<title>Besoin d&#039;un site Internet ? | Guin\u00e9e Diversit\u00e9<\/title>\n<meta name=\"robots\" content=\"index, follow, max-snippet:-1, max-image-preview:large, max-video-preview:-1\" \/>\n<link rel=\"canonical\" href=\"https:\/\/guineediversite.com\/index.php\/besoin-dun-site-internet\/\" \/>\n<meta property=\"og:locale\" content=\"fr_FR\" \/>\n<meta property=\"og:type\" content=\"article\" \/>\n<meta property=\"og:title\" content=\"Besoin d&#039;un site Internet ? | Guin\u00e9e Diversit\u00e9\" \/>\n<meta property=\"og:description\" content=\"L&rsquo;\u00e9quipe de Savanah Communication, qui a con\u00e7u le nouveau site de Guin\u00e9e Diversit\u00e9, peut cr\u00e9er votre site Internet en seulement 48 heures ou moderniser un site existant en seulement quelques jours. La conception se fait en trois \u00e9tapes : Nous d\u00e9finissons ensemble vos besoins, pour r\u00e9pondre au mieux \u00e0 votre demande. Nous r\u00e9alisons le projet [&hellip;]\" \/>\n<meta property=\"og:url\" content=\"https:\/\/guineediversite.com\/index.php\/besoin-dun-site-internet\/\" \/>\n<meta property=\"og:site_name\" content=\"Guin\u00e9e Diversit\u00e9\" \/>\n<meta property=\"article:publisher\" content=\"https:\/\/www.facebook.com\/guineediversite\/\" \/>\n<meta property=\"article:modified_time\" content=\"2018-03-09T11:37:21+00:00\" \/>\n<meta name=\"twitter:card\" content=\"summary_large_image\" \/>\n<meta name=\"twitter:site\" content=\"@GuineeDiversite\" \/>\n<meta name=\"twitter:label1\" content=\"Dur\u00e9e de lecture estim\u00e9e\" \/>\n\t<meta name=\"twitter:data1\" content=\"1 minute\" \/>\n<script type=\"application\/ld+json\" class=\"yoast-schema-graph\">{\"@context\":\"https:\/\/schema.org\",\"@graph\":[{\"@type\":\"WebPage\",\"@id\":\"https:\/\/guineediversite.com\/index.php\/besoin-dun-site-internet\/\",\"url\":\"https:\/\/guineediversite.com\/index.php\/besoin-dun-site-internet\/\",\"name\":\"Besoin d'un site Internet ? | Guin\u00e9e Diversit\u00e9\",\"isPartOf\":{\"@id\":\"https:\/\/guineediversite.com\/#website\"},\"datePublished\":\"2017-08-25T21:24:51+00:00\",\"dateModified\":\"2018-03-09T11:37:21+00:00\",\"breadcrumb\":{\"@id\":\"https:\/\/guineediversite.com\/index.php\/besoin-dun-site-internet\/#breadcrumb\"},\"inLanguage\":\"fr-FR\",\"potentialAction\":[{\"@type\":\"ReadAction\",\"target\":[\"https:\/\/guineediversite.com\/index.php\/besoin-dun-site-internet\/\"]}]},{\"@type\":\"BreadcrumbList\",\"@id\":\"https:\/\/guineediversite.com\/index.php\/besoin-dun-site-internet\/#breadcrumb\",\"itemListElement\":[{\"@type\":\"ListItem\",\"position\":1,\"name\":\"Accueil\",\"item\":\"https:\/\/guineediversite.com\/\"},{\"@type\":\"ListItem\",\"position\":2,\"name\":\"Besoin d&rsquo;un site Internet ?\"}]},{\"@type\":\"WebSite\",\"@id\":\"https:\/\/guineediversite.com\/#website\",\"url\":\"https:\/\/guineediversite.com\/\",\"name\":\"Guin\u00e9e Diversit\u00e9\",\"description\":\"L&#039;Info dans toute sa diversit\u00e9\",\"publisher\":{\"@id\":\"https:\/\/guineediversite.com\/#organization\"},\"potentialAction\":[{\"@type\":\"SearchAction\",\"target\":{\"@type\":\"EntryPoint\",\"urlTemplate\":\"https:\/\/guineediversite.com\/?s={search_term_string}\"},\"query-input\":{\"@type\":\"PropertyValueSpecification\",\"valueRequired\":true,\"valueName\":\"search_term_string\"}}],\"inLanguage\":\"fr-FR\"},{\"@type\":\"Organization\",\"@id\":\"https:\/\/guineediversite.com\/#organization\",\"name\":\"Guin\u00e9e Diversit\u00e9\",\"url\":\"https:\/\/guineediversite.com\/\",\"logo\":{\"@type\":\"ImageObject\",\"inLanguage\":\"fr-FR\",\"@id\":\"https:\/\/guineediversite.com\/#\/schema\/logo\/image\/\",\"url\":\"https:\/\/guineediversite.com\/wp-content\/uploads\/2017\/04\/cropped-1jojlxEOMkX9Wyqfhe43D6kjPOGqBBKmx3EwWJqZ0cMrFF54yM49.png\",\"contentUrl\":\"https:\/\/guineediversite.com\/wp-content\/uploads\/2017\/04\/cropped-1jojlxEOMkX9Wyqfhe43D6kjPOGqBBKmx3EwWJqZ0cMrFF54yM49.png\",\"width\":186,\"height\":112,\"caption\":\"Guin\u00e9e Diversit\u00e9\"},\"image\":{\"@id\":\"https:\/\/guineediversite.com\/#\/schema\/logo\/image\/\"},\"sameAs\":[\"https:\/\/www.facebook.com\/guineediversite\/\",\"https:\/\/x.com\/GuineeDiversite\",\"https:\/\/www.youtube.com\/channel\/UC8sUY16qelG5ge6_D5SB83g\"]}]}<\/script>\n<!-- \/ Yoast SEO plugin. -->","yoast_head_json":{"title":"Besoin d'un site Internet ? | Guin\u00e9e Diversit\u00e9","robots":{"index":"index","follow":"follow","max-snippet":"max-snippet:-1","max-image-preview":"max-image-preview:large","max-video-preview":"max-video-preview:-1"},"canonical":"https:\/\/guineediversite.com\/index.php\/besoin-dun-site-internet\/","og_locale":"fr_FR","og_type":"article","og_title":"Besoin d'un site Internet ? | Guin\u00e9e Diversit\u00e9","og_description":"L&rsquo;\u00e9quipe de Savanah Communication, qui a con\u00e7u le nouveau site de Guin\u00e9e Diversit\u00e9, peut cr\u00e9er votre site Internet en seulement 48 heures ou moderniser un site existant en seulement quelques jours. La conception se fait en trois \u00e9tapes : Nous d\u00e9finissons ensemble vos besoins, pour r\u00e9pondre au mieux \u00e0 votre demande. Nous r\u00e9alisons le projet [&hellip;]","og_url":"https:\/\/guineediversite.com\/index.php\/besoin-dun-site-internet\/","og_site_name":"Guin\u00e9e Diversit\u00e9","article_publisher":"https:\/\/www.facebook.com\/guineediversite\/","article_modified_time":"2018-03-09T11:37:21+00:00","twitter_card":"summary_large_image","twitter_site":"@GuineeDiversite","twitter_misc":{"Dur\u00e9e de lecture estim\u00e9e":"1 minute"},"schema":{"@context":"https:\/\/schema.org","@graph":[{"@type":"WebPage","@id":"https:\/\/guineediversite.com\/index.php\/besoin-dun-site-internet\/","url":"https:\/\/guineediversite.com\/index.php\/besoin-dun-site-internet\/","name":"Besoin d'un site Internet ? | Guin\u00e9e Diversit\u00e9","isPartOf":{"@id":"https:\/\/guineediversite.com\/#website"},"datePublished":"2017-08-25T21:24:51+00:00","dateModified":"2018-03-09T11:37:21+00:00","breadcrumb":{"@id":"https:\/\/guineediversite.com\/index.php\/besoin-dun-site-internet\/#breadcrumb"},"inLanguage":"fr-FR","potentialAction":[{"@type":"ReadAction","target":["https:\/\/guineediversite.com\/index.php\/besoin-dun-site-internet\/"]}]},{"@type":"BreadcrumbList","@id":"https:\/\/guineediversite.com\/index.php\/besoin-dun-site-internet\/#breadcrumb","itemListElement":[{"@type":"ListItem","position":1,"name":"Accueil","item":"https:\/\/guineediversite.com\/"},{"@type":"ListItem","position":2,"name":"Besoin d&rsquo;un site Internet ?"}]},{"@type":"WebSite","@id":"https:\/\/guineediversite.com\/#website","url":"https:\/\/guineediversite.com\/","name":"Guin\u00e9e Diversit\u00e9","description":"L&#039;Info dans toute sa diversit\u00e9","publisher":{"@id":"https:\/\/guineediversite.com\/#organization"},"potentialAction":[{"@type":"SearchAction","target":{"@type":"EntryPoint","urlTemplate":"https:\/\/guineediversite.com\/?s={search_term_string}"},"query-input":{"@type":"PropertyValueSpecification","valueRequired":true,"valueName":"search_term_string"}}],"inLanguage":"fr-FR"},{"@type":"Organization","@id":"https:\/\/guineediversite.com\/#organization","name":"Guin\u00e9e Diversit\u00e9","url":"https:\/\/guineediversite.com\/","logo":{"@type":"ImageObject","inLanguage":"fr-FR","@id":"https:\/\/guineediversite.com\/#\/schema\/logo\/image\/","url":"https:\/\/guineediversite.com\/wp-content\/uploads\/2017\/04\/cropped-1jojlxEOMkX9Wyqfhe43D6kjPOGqBBKmx3EwWJqZ0cMrFF54yM49.png","contentUrl":"https:\/\/guineediversite.com\/wp-content\/uploads\/2017\/04\/cropped-1jojlxEOMkX9Wyqfhe43D6kjPOGqBBKmx3EwWJqZ0cMrFF54yM49.png","width":186,"height":112,"caption":"Guin\u00e9e Diversit\u00e9"},"image":{"@id":"https:\/\/guineediversite.com\/#\/schema\/logo\/image\/"},"sameAs":["https:\/\/www.facebook.com\/guineediversite\/","https:\/\/x.com\/GuineeDiversite","https:\/\/www.youtube.com\/channel\/UC8sUY16qelG5ge6_D5SB83g"]}]}},"_links":{"self":[{"href":"https:\/\/guineediversite.com\/index.php\/wp-json\/wp\/v2\/pages\/21520"}],"collection":[{"href":"https:\/\/guineediversite.com\/index.php\/wp-json\/wp\/v2\/pages"}],"about":[{"href":"https:\/\/guineediversite.com\/index.php\/wp-json\/wp\/v2\/types\/page"}],"author":[{"embeddable":true,"href":"https:\/\/guineediversite.com\/index.php\/wp-json\/wp\/v2\/users\/12"}],"replies":[{"embeddable":true,"href":"https:\/\/guineediversite.com\/index.php\/wp-json\/wp\/v2\/comments?post=21520"}],"version-history":[{"count":0,"href":"https:\/\/guineediversite.com\/index.php\/wp-json\/wp\/v2\/pages\/21520\/revisions"}],"wp:attachment":[{"href":"https:\/\/guineediversite.com\/index.php\/wp-json\/wp\/v2\/media?parent=21520"}],"curies":[{"name":"wp","href":"https:\/\/api.w.org\/{rel}","templated":true}]}}